{"id":223,"date":"2017-12-12T11:18:34","date_gmt":"2017-12-12T11:18:34","guid":{"rendered":"https:\/\/master-finraport.wpop-pl.avgr.it\/?page_id=223"},"modified":"2023-02-17T09:40:51","modified_gmt":"2023-02-17T09:40:51","slug":"strona-glowna-angielski","status":"publish","type":"page","link":"https:\/\/master-finraport.wpop-pl.avgr.it\/en\/","title":{"rendered":"Strona g\u0142\u00f3wna"},"content":{"rendered":"<div class=\"wpb-content-wrapper\"><div data-vc-full-width=\"true\" data-vc-full-width-init=\"false\" data-vc-parallax=\"1.5\" class=\"vc_row wpb_row vc_row-fluid vc_custom_1594570790153 vc_row-has-fill vc_general vc_parallax vc_parallax-content-moving\"><div class=\"wpb_column vc_column_container vc_col-sm-6\"><div class=\"vc_column-inner vc_custom_1594569150218\"><div class=\"wpb_wrapper\">\n\t<div class=\"wpb_text_column wpb_content_element vc_custom_1594826226742\" >\n\t\t<div class=\"wpb_wrapper\">\n\t\t\t<p><span style=\"color: #212146;\"><strong><span style=\"font-family: Montserrat;\"><span style=\"font-size: 36pt;\">FINRAPORT<\/span><\/span><\/strong><\/span><\/p>\n<p><span style=\"font-family: montserrat-medium; font-size: 18pt; color: #ffffff;\">Health and finances under control<\/span><\/p>\n<p>&nbsp;<\/p>\n<p style=\"text-align: left;\"><img loading=\"lazy\" decoding=\"async\" class=\"alignnone size-full wp-image-5631\" src=\"https:\/\/master-finraport.wpop-pl.avgr.it\/wp-content\/uploads\/2021\/04\/PrzyciskK2v2.png\" alt=\"\" width=\"180\" height=\"49\" srcset=\"https:\/\/master-finraport.wpop-pl.avgr.it\/wp-content\/uploads\/2021\/04\/PrzyciskK2v2.png 180w, https:\/\/master-finraport.wpop-pl.avgr.it\/wp-content\/uploads\/2021\/04\/PrzyciskK2v2-16x4.png 16w, https:\/\/master-finraport.wpop-pl.avgr.it\/wp-content\/uploads\/2021\/04\/PrzyciskK2v2-60x16.png 60w\" sizes=\"(max-width: 180px) 100vw, 180px\" \/><\/p>\n<p><strong><a id=\"onas\"><\/a><\/strong><\/p>\n\n\t\t<\/div>\n\t<\/div>\n<\/div><\/div><\/div><div class=\"wpb_column vc_column_container vc_col-sm-6\"><div class=\"vc_column-inner\"><div class=\"wpb_wrapper\">\n\t<div class=\"wpb_text_column wpb_content_element vc_custom_1594824522616\" >\n\t\t<div class=\"wpb_wrapper\">\n\t\t\t<p><img loading=\"lazy\" decoding=\"async\" class=\"wp-image-5620 size-full alignright\" src=\"https:\/\/master-finraport.wpop-pl.avgr.it\/wp-content\/uploads\/2020\/07\/Obrazek-3.png\" alt=\"\" width=\"561\" height=\"492\" srcset=\"https:\/\/master-finraport.wpop-pl.avgr.it\/wp-content\/uploads\/2020\/07\/Obrazek-3.png 561w, https:\/\/master-finraport.wpop-pl.avgr.it\/wp-content\/uploads\/2020\/07\/Obrazek-3-300x263.png 300w, https:\/\/master-finraport.wpop-pl.avgr.it\/wp-content\/uploads\/2020\/07\/Obrazek-3-60x53.png 60w\" sizes=\"(max-width: 561px) 100vw, 561px\" \/><\/p>\n<p>&nbsp;<\/p>\n\n\t\t<\/div>\n\t<\/div>\n<\/div><\/div><\/div><\/div><div class=\"vc_row-full-width vc_clearfix\"><\/div><div class=\"vc_row wpb_row vc_row-fluid\"><div class=\"wpb_column vc_column_container vc_col-sm-12\"><div class=\"vc_column-inner\"><div class=\"wpb_wrapper\">\n\t<div class=\"wpb_text_column wpb_content_element vc_custom_1594824254568\" >\n\t\t<div class=\"wpb_wrapper\">\n\t\t\t<p><strong><big><img loading=\"lazy\" decoding=\"async\" class=\"size-full wp-image-5546 aligncenter\" src=\"https:\/\/master-finraport.wpop-pl.avgr.it\/wp-content\/uploads\/2020\/07\/Ikona-1.png\" alt=\"\" width=\"85\" height=\"78\" srcset=\"https:\/\/master-finraport.wpop-pl.avgr.it\/wp-content\/uploads\/2020\/07\/Ikona-1.png 85w, https:\/\/master-finraport.wpop-pl.avgr.it\/wp-content\/uploads\/2020\/07\/Ikona-1-60x55.png 60w\" sizes=\"(max-width: 85px) 100vw, 85px\" \/><\/big><\/strong><\/p>\n<p style=\"text-align: center;\"><span style=\"color: #212146;\"><strong><big><big>INDIVIDUAL FINANCIAL REPORT + TELEMEDICAL BUNDLE<\/big><\/big><\/strong><\/span><\/p>\n<p>&nbsp;<\/p>\n<p><span style=\"font-family: Montserrat;\"><span style=\"color: #212146;\">Finraport is an innovative solution that combines two useful functions into one -<\/span> <span style=\"color: #048087;\">INDIVIDUAL FINANCIAL REPORT<\/span> and <span style=\"color: #048087;\">TELEMEDICAL BUNDLE<\/span><span style=\"color: #212146;\">. It is a product aimed at people who want to consciously and responsibly approach two important topics, their health and finances. A comprehensive financial report will help you control your creditworthiness, and the medical bundle will provide telephone access to consultations with specialists. TAKE ADVANTAGE OF OUR OFFER AND GET TWO USEFUL SERVICES IN ONE PACKAGE!<\/span><\/span><\/p>\n\n\t\t<\/div>\n\t<\/div>\n\n\t<div class=\"wpb_text_column wpb_content_element\" >\n\t\t<div class=\"wpb_wrapper\">\n\t\t\t<p style=\"text-align: center;\"><strong><big><big><span style=\"color: #048087;\">What do you get?<\/span><\/big><\/big><\/strong><\/p>\n<p style=\"text-align: center;\"><span style=\"color: #212146;\"><strong><big>_______<\/big><\/strong><\/span><\/p>\n\n\t\t<\/div>\n\t<\/div>\n<\/div><\/div><\/div><\/div><div class=\"vc_row wpb_row vc_row-fluid vc_custom_1594472158968\"><div class=\"wpb_column vc_column_container vc_col-sm-6\"><div class=\"vc_column-inner\"><div class=\"wpb_wrapper\">\n\t<div class=\"wpb_text_column wpb_content_element vc_custom_1594827897941\" >\n\t\t<div class=\"wpb_wrapper\">\n\t\t\t<p><img loading=\"lazy\" decoding=\"async\" class=\"alignnone size-full wp-image-5551\" src=\"https:\/\/master-finraport.wpop-pl.avgr.it\/wp-content\/uploads\/2020\/07\/Ikona-2.png\" alt=\"\" width=\"42\" height=\"42\" \/> \u00a0 <span style=\"color: #212146;\">Insight into your credit score<\/span><\/p>\n<p><span style=\"color: #212146;\"><a id=\"korzysci\"><\/a><\/span><\/p>\n<p>&nbsp;<\/p>\n<p><img loading=\"lazy\" decoding=\"async\" class=\"alignnone wp-image-5552\" src=\"https:\/\/master-finraport.wpop-pl.avgr.it\/wp-content\/uploads\/2020\/07\/Ikona-3.png\" alt=\"\" width=\"42\" height=\"42\" \/> \u00a0 <span style=\"font-family: Montserrat; color: #212146;\">You will learn the mindset of financial institutions<\/span><\/p>\n\n\t\t<\/div>\n\t<\/div>\n<\/div><\/div><\/div><div class=\"wpb_column vc_column_container vc_col-sm-6\"><div class=\"vc_column-inner\"><div class=\"wpb_wrapper\">\n\t<div class=\"wpb_text_column wpb_content_element vc_custom_1594827818580\" >\n\t\t<div class=\"wpb_wrapper\">\n\t\t\t<p><img loading=\"lazy\" decoding=\"async\" class=\"alignnone wp-image-5553 size-full\" src=\"https:\/\/master-finraport.wpop-pl.avgr.it\/wp-content\/uploads\/2020\/07\/Ikona-4-e1594468366648.png\" alt=\"\" width=\"42\" height=\"42\" \/> \u00a0 Telephone access to doctors<\/p>\n<p>&nbsp;<\/p>\n<p><img loading=\"lazy\" decoding=\"async\" class=\"alignnone wp-image-5556 size-full\" src=\"https:\/\/master-finraport.wpop-pl.avgr.it\/wp-content\/uploads\/2020\/07\/Ikona-5.png\" alt=\"\" width=\"42\" height=\"42\" \/> \u00a0 Consultations with specialists without queues<\/p>\n\n\t\t<\/div>\n\t<\/div>\n<\/div><\/div><\/div><\/div><div class=\"vc_row wpb_row vc_row-fluid\"><div class=\"wpb_column vc_column_container vc_col-sm-6\"><div class=\"vc_column-inner vc_custom_1594567605781\"><div class=\"wpb_wrapper\"><div class=\"vc_empty_space\"   style=\"height: 32px\"><span class=\"vc_empty_space_inner\"><\/span><\/div>\n\t<div class=\"wpb_text_column wpb_content_element vc_custom_1594824629715\" >\n\t\t<div class=\"wpb_wrapper\">\n\t\t\t<p><span style=\"color: #ffffff;\"><span style=\"color: #000000;\"><img loading=\"lazy\" decoding=\"async\" class=\"size-full wp-image-5559 aligncenter\" src=\"https:\/\/master-finraport.wpop-pl.avgr.it\/wp-content\/uploads\/2020\/07\/Ikona-6.png\" alt=\"\" width=\"124\" height=\"118\" srcset=\"https:\/\/master-finraport.wpop-pl.avgr.it\/wp-content\/uploads\/2020\/07\/Ikona-6.png 124w, https:\/\/master-finraport.wpop-pl.avgr.it\/wp-content\/uploads\/2020\/07\/Ikona-6-60x57.png 60w\" sizes=\"(max-width: 124px) 100vw, 124px\" \/><\/span><\/span><\/p>\n<p style=\"text-align: center;\"><span style=\"color: #212146;\"><strong><big>Financial report<\/big><\/strong><\/span><\/p>\n<p>&nbsp;<\/p>\n<p style=\"text-align: justify;\"><span style=\"color: #ffffff;\"><span style=\"font-family: montserrat-medium;\">Know your credit score and consciously make loan decisions. By using our service, you will gain knowledge about how financial institutions see you. This will help you assess your chances of getting a loan. When you buy Finraport, you will receive a PDF document with detailed information about your credit score. You will learn not only what your financial scoring looks like, but you will also get to know the assessment of your financial situation compared to other people.<\/span> <\/span><\/p>\n\n\t\t<\/div>\n\t<\/div>\n<\/div><\/div><\/div><div class=\"wpb_column vc_column_container vc_col-sm-6\"><div class=\"vc_column-inner\"><div class=\"wpb_wrapper\">\n\t<div  class=\"wpb_single_image wpb_content_element vc_align_center wpb_content_element vc_custom_1594574993941\">\n\t\t\n\t\t<figure class=\"wpb_wrapper vc_figure\">\n\t\t\t<div class=\"vc_single_image-wrapper   vc_box_border_grey\"><img loading=\"lazy\" decoding=\"async\" width=\"487\" height=\"288\" src=\"https:\/\/master-finraport.wpop-pl.avgr.it\/wp-content\/uploads\/2020\/07\/Obrazek-1.png\" class=\"vc_single_image-img attachment-full\" alt=\"\" title=\"Obrazek 1\" srcset=\"https:\/\/master-finraport.wpop-pl.avgr.it\/wp-content\/uploads\/2020\/07\/Obrazek-1.png 487w, https:\/\/master-finraport.wpop-pl.avgr.it\/wp-content\/uploads\/2020\/07\/Obrazek-1-300x177.png 300w, https:\/\/master-finraport.wpop-pl.avgr.it\/wp-content\/uploads\/2020\/07\/Obrazek-1-60x35.png 60w\" sizes=\"(max-width: 487px) 100vw, 487px\" \/><\/div>\n\t\t<\/figure>\n\t<\/div>\n<\/div><\/div><\/div><\/div><div class=\"vc_row wpb_row vc_row-fluid\"><div class=\"wpb_column vc_column_container vc_col-sm-6\"><div class=\"vc_column-inner vc_custom_1594478442670\"><div class=\"wpb_wrapper\">\n\t<div  class=\"wpb_single_image wpb_content_element vc_align_center wpb_content_element vc_custom_1594574986166\">\n\t\t\n\t\t<figure class=\"wpb_wrapper vc_figure\">\n\t\t\t<div class=\"vc_single_image-wrapper   vc_box_border_grey\"><img loading=\"lazy\" decoding=\"async\" width=\"576\" height=\"418\" src=\"https:\/\/master-finraport.wpop-pl.avgr.it\/wp-content\/uploads\/2020\/07\/Obrazek-2.png\" class=\"vc_single_image-img attachment-full\" alt=\"\" title=\"Obrazek 2\" srcset=\"https:\/\/master-finraport.wpop-pl.avgr.it\/wp-content\/uploads\/2020\/07\/Obrazek-2.png 576w, https:\/\/master-finraport.wpop-pl.avgr.it\/wp-content\/uploads\/2020\/07\/Obrazek-2-300x218.png 300w, https:\/\/master-finraport.wpop-pl.avgr.it\/wp-content\/uploads\/2020\/07\/Obrazek-2-60x44.png 60w\" sizes=\"(max-width: 576px) 100vw, 576px\" \/><\/div>\n\t\t<\/figure>\n\t<\/div>\n<\/div><\/div><\/div><div class=\"wpb_column vc_column_container vc_col-sm-6 vc_col-has-fill\"><div class=\"vc_column-inner vc_custom_1594567570523\"><div class=\"wpb_wrapper\">\n\t<div class=\"wpb_text_column wpb_content_element vc_custom_1594825995086\" >\n\t\t<div class=\"wpb_wrapper\">\n\t\t\t<p style=\"text-align: center;\"><img loading=\"lazy\" decoding=\"async\" class=\"alignnone size-full wp-image-5571\" src=\"https:\/\/master-finraport.wpop-pl.avgr.it\/wp-content\/uploads\/2020\/07\/IKona-7.png\" alt=\"\" width=\"111\" height=\"107\" srcset=\"https:\/\/master-finraport.wpop-pl.avgr.it\/wp-content\/uploads\/2020\/07\/IKona-7.png 111w, https:\/\/master-finraport.wpop-pl.avgr.it\/wp-content\/uploads\/2020\/07\/IKona-7-60x58.png 60w\" sizes=\"(max-width: 111px) 100vw, 111px\" \/><\/p>\n<p style=\"text-align: center;\"><strong><span style=\"color: #212146;\"><big>Telemedicine bundle<\/big><\/span><\/strong><\/p>\n<p>&nbsp;<\/p>\n<p style=\"text-align: justify;\"><span style=\"color: #ffffff; font-family: montserrat-medium;\">Consultation with specialists at your fingertips. By purchasing Finraport, you will gain access to a telemedicine package, which includes medical consultations with specialists. You will not need a referral to consult your problem, you will also be able to forget about waiting in long lines. You decide which specialist you want to consult and define the time of consultation that is convenient for you. It is worth noting that during the teleconsultation, the doctor may issue you a prescription.<a id=\"oferta\"><\/a><\/span><\/p>\n\n\t\t<\/div>\n\t<\/div>\n<\/div><\/div><\/div><\/div><div class=\"vc_row wpb_row vc_row-fluid\"><div class=\"wpb_column vc_column_container vc_col-sm-6\"><div class=\"vc_column-inner\"><div class=\"wpb_wrapper\">\n\t<div  class=\"wpb_single_image wpb_content_element vc_align_center wpb_content_element vc_custom_1676626844016\">\n\t\t\n\t\t<figure class=\"wpb_wrapper vc_figure\">\n\t\t\t<div class=\"vc_single_image-wrapper   vc_box_border_grey\"><img loading=\"lazy\" decoding=\"async\" width=\"306\" height=\"514\" src=\"https:\/\/master-finraport.wpop-pl.avgr.it\/wp-content\/uploads\/2023\/02\/roboczev2.png\" class=\"vc_single_image-img attachment-full\" alt=\"\" title=\"robocze\" srcset=\"https:\/\/master-finraport.wpop-pl.avgr.it\/wp-content\/uploads\/2023\/02\/roboczev2.png 306w, https:\/\/master-finraport.wpop-pl.avgr.it\/wp-content\/uploads\/2023\/02\/roboczev2-179x300.png 179w, https:\/\/master-finraport.wpop-pl.avgr.it\/wp-content\/uploads\/2023\/02\/roboczev2-7x12.png 7w, https:\/\/master-finraport.wpop-pl.avgr.it\/wp-content\/uploads\/2023\/02\/roboczev2-36x60.png 36w\" sizes=\"(max-width: 306px) 100vw, 306px\" \/><\/div>\n\t\t<\/figure>\n\t<\/div>\n<\/div><\/div><\/div><div class=\"wpb_column vc_column_container vc_col-sm-6\"><div class=\"vc_column-inner\"><div class=\"wpb_wrapper\">\n\t<div class=\"wpb_text_column wpb_content_element vc_custom_1594828054690\" >\n\t\t<div class=\"wpb_wrapper\">\n\t\t\t<h6 style=\"text-align: justify;\"><strong><span style=\"font-size: 20pt; color: #048087; font-family: Montserrat;\">KNOW your credit score and see how financial institutions see you.<\/span><\/strong><\/h6>\n<p>&nbsp;<\/p>\n<h6 style=\"text-align: justify;\"><strong><span style=\"font-size: 20pt; color: #048087; font-family: Montserrat;\">CONSULT your medical problem without queuing.<\/span><\/strong><\/h6>\n<p>&nbsp;<\/p>\n<h6 style=\"text-align: justify;\"><span style=\"font-size: 24pt; color: #212146;\"><strong><big>BUY FINRAPORT TODAY!<\/big><\/strong><\/span><\/h6>\n<p>&nbsp;<\/p>\n<h6><a href=\"https:\/\/pozyczkaplus.pl\/\" target=\"_blank\" rel=\"noopener noreferrer\"><img loading=\"lazy\" decoding=\"async\" class=\"aligncenter wp-image-5764 size-full\" src=\"https:\/\/master-finraport.wpop-pl.avgr.it\/wp-content\/uploads\/2021\/04\/Przycisk-get-it-now.png\" alt=\"\" width=\"172\" height=\"49\" srcset=\"https:\/\/master-finraport.wpop-pl.avgr.it\/wp-content\/uploads\/2021\/04\/Przycisk-get-it-now.png 172w, https:\/\/master-finraport.wpop-pl.avgr.it\/wp-content\/uploads\/2021\/04\/Przycisk-get-it-now-16x5.png 16w, https:\/\/master-finraport.wpop-pl.avgr.it\/wp-content\/uploads\/2021\/04\/Przycisk-get-it-now-60x17.png 60w\" sizes=\"(max-width: 172px) 100vw, 172px\" \/><\/a><\/h6>\n\n\t\t<\/div>\n\t<\/div>\n<\/div><\/div><\/div><\/div><div class=\"vc_row wpb_row vc_row-fluid\"><div class=\"wpb_column vc_column_container vc_col-sm-12\"><div class=\"vc_column-inner\"><div class=\"wpb_wrapper\">\n\t<div class=\"wpb_text_column wpb_content_element\" >\n\t\t<div class=\"wpb_wrapper\">\n\t\t\t<p><span style=\"color: #212146;\"><a id=\"kontakt\"><\/a><\/span><\/p>\n\n\t\t<\/div>\n\t<\/div>\n<\/div><\/div><\/div><\/div>\n<\/div>","protected":false},"excerpt":{"rendered":"FINRAPORT Zdrowie i finanse pod kontrol\u0105 &nbsp; &nbsp; INDYWIDUALNY RAPORT FINANSOWY + PAKIET TELEMEDYCYNY &nbsp; Finraport to innowacyjne rozwi\u0105zanie, \u0142\u0105cz\u0105ce w jedno dwie przydatne funkcje \u2013 INDYWIDUALNY RAPORT FINANSOWY i PAKIET TELEMEDYCYNY. Jest to produkt skierowany do os\u00f3b, kt\u00f3re chc\u0105 \u015bwiadomie i odpowiedzialnie podchodzi\u0107 do dw\u00f3ch wa\u017cnych temat\u00f3w, swojego zdrowia i finans\u00f3w. Kompleksowy raport finansowy [...]","protected":false},"author":1,"featured_media":0,"parent":0,"menu_order":0,"comment_status":"closed","ping_status":"closed","template":"","meta":{"footnotes":""},"class_list":["post-223","page","type-page","status-publish","hentry"],"_links":{"self":[{"href":"https:\/\/master-finraport.wpop-pl.avgr.it\/en\/wp-json\/wp\/v2\/pages\/223","targetHints":{"allow":["GET"]}}],"collection":[{"href":"https:\/\/master-finraport.wpop-pl.avgr.it\/en\/wp-json\/wp\/v2\/pages"}],"about":[{"href":"https:\/\/master-finraport.wpop-pl.avgr.it\/en\/wp-json\/wp\/v2\/types\/page"}],"author":[{"embeddable":true,"href":"https:\/\/master-finraport.wpop-pl.avgr.it\/en\/wp-json\/wp\/v2\/users\/1"}],"replies":[{"embeddable":true,"href":"https:\/\/master-finraport.wpop-pl.avgr.it\/en\/wp-json\/wp\/v2\/comments?post=223"}],"version-history":[{"count":187,"href":"https:\/\/master-finraport.wpop-pl.avgr.it\/en\/wp-json\/wp\/v2\/pages\/223\/revisions"}],"predecessor-version":[{"id":5819,"href":"https:\/\/master-finraport.wpop-pl.avgr.it\/en\/wp-json\/wp\/v2\/pages\/223\/revisions\/5819"}],"wp:attachment":[{"href":"https:\/\/master-finraport.wpop-pl.avgr.it\/en\/wp-json\/wp\/v2\/media?parent=223"}],"curies":[{"name":"wp","href":"https:\/\/api.w.org\/{rel}","templated":true}]}}